{"id":55639,"date":"2021-05-21T15:55:41","date_gmt":"2021-05-21T15:55:41","guid":{"rendered":"http:\/\/zaleareal.com\/?page_id=55639"},"modified":"2021-05-21T15:57:11","modified_gmt":"2021-05-21T15:57:11","slug":"reserva-realizada","status":"publish","type":"page","link":"https:\/\/zaleareal.com\/index.php\/reserva-realizada\/","title":{"rendered":"Reserva Realizada"},"content":{"rendered":"<p>[vc_row][vc_column]<div id=\"ultimate-heading-91769e0678251877\" class=\"uvc-heading ult-adjust-bottom-margin ultimate-heading-91769e0678251877 uvc-3230  uvc-heading-default-font-sizes\" data-hspacer=\"no_spacer\"  data-halign=\"center\" style=\"text-align:center\"><div class=\"uvc-heading-spacer no_spacer\" style=\"top\"><\/div><div class=\"uvc-main-heading ult-responsive\"  data-ultimate-target='.uvc-heading.ultimate-heading-91769e0678251877 h3'  data-responsive-json-new='{\"font-size\":\"\",\"line-height\":\"\"}' ><h3 style=\"--font-weight:theme;\">\u00a1 Reserva Realizada con \u00e9xito!<\/h3><\/div><div class=\"uvc-sub-heading ult-responsive\"  data-ultimate-target='.uvc-heading.ultimate-heading-91769e0678251877 .uvc-sub-heading '  data-responsive-json-new='{\"font-size\":\"\",\"line-height\":\"\"}'  style=\"font-weight:normal;\"><span style=\"color: #339966;\"><strong>\u00a1Gracias por reservar con nosotros!<\/strong><\/span><\/p>\n<p>Recibir\u00e1s un Email con la confirmaci\u00f3n e informaci\u00f3n adicional en un plazo m\u00e1ximo de 24h.<\/div><\/div>[\/vc_column][\/vc_row][vc_row][vc_column][vc_btn title=\u00bbVolver\u00bb align=\u00bbcenter\u00bb link=\u00bburl:http%3A%2F%2Fwww.zaleareal.com\u00bb][\/vc_column][\/vc_row]<\/p>\n","protected":false},"excerpt":{"rendered":"<p>[vc_row][vc_column][\/vc_column][\/vc_row][vc_row][vc_column][vc_btn title=\u00bbVolver\u00bb align=\u00bbcenter\u00bb link=\u00bburl:http%3A%2F%2Fwww.zaleareal.com\u00bb][\/vc_column][\/vc_row]<\/p>\n","protected":false},"author":1,"featured_media":0,"parent":0,"menu_order":0,"comment_status":"closed","ping_status":"closed","template":"","meta":{"om_disable_all_campaigns":false,"_monsterinsights_skip_tracking":false,"_monsterinsights_sitenote_active":false,"_monsterinsights_sitenote_note":"","_monsterinsights_sitenote_category":0},"_links":{"self":[{"href":"https:\/\/zaleareal.com\/index.php\/wp-json\/wp\/v2\/pages\/55639"}],"collection":[{"href":"https:\/\/zaleareal.com\/index.php\/wp-json\/wp\/v2\/pages"}],"about":[{"href":"https:\/\/zaleareal.com\/index.php\/wp-json\/wp\/v2\/types\/page"}],"author":[{"embeddable":true,"href":"https:\/\/zaleareal.com\/index.php\/wp-json\/wp\/v2\/users\/1"}],"replies":[{"embeddable":true,"href":"https:\/\/zaleareal.com\/index.php\/wp-json\/wp\/v2\/comments?post=55639"}],"version-history":[{"count":3,"href":"https:\/\/zaleareal.com\/index.php\/wp-json\/wp\/v2\/pages\/55639\/revisions"}],"predecessor-version":[{"id":55642,"href":"https:\/\/zaleareal.com\/index.php\/wp-json\/wp\/v2\/pages\/55639\/revisions\/55642"}],"wp:attachment":[{"href":"https:\/\/zaleareal.com\/index.php\/wp-json\/wp\/v2\/media?parent=55639"}],"curies":[{"name":"wp","href":"https:\/\/api.w.org\/{rel}","templated":true}]}}