{"id":55623,"date":"2021-05-21T15:42:52","date_gmt":"2021-05-21T15:42:52","guid":{"rendered":"http:\/\/zaleareal.com\/?page_id=55623"},"modified":"2021-06-25T15:38:12","modified_gmt":"2021-06-25T15:38:12","slug":"terminos-y-condiciones","status":"publish","type":"page","link":"https:\/\/zaleareal.com\/index.php\/terminos-y-condiciones\/","title":{"rendered":"T\u00e9rminos y condiciones"},"content":{"rendered":"<p>[vc_row][vc_column][vc_btn title=\u00bbVolver\u00bb link=\u00bburl:http%3A%2F%2Fwww.zaleareal.com\u00bb][vc_column_text el_id=\u00bbterminos1&#8243;]<\/p>\n<p class=\"font_8\">Al reservar el alojamiento, aceptas autom\u00e1ticamente los siguientes t\u00e9rminos y condiciones clave:<\/p>\n<p class=\"font_8\"><span class=\"wixGuard\">\u200b<\/span><\/p>\n<ul class=\"font_8\">\n<li>\n<p class=\"font_8\">\u00a0Las fechas de entrada y salida y el n\u00famero de hu\u00e9spedes acordados en la reserva, deben cumplirse.<\/p>\n<\/li>\n<li>\n<p class=\"font_8\">No se permiten fiestas en la propiedad sin consentimiento previo.<\/p>\n<\/li>\n<li>\n<p class=\"font_8\">El interior de la propiedad es para NO FUMADORES. S\u00f3lo se permite fumar en el exterior y los cigarrillos deben desecharse en los ceniceros provistos. Fumar dentro de la vivienda puede resultar en una multa de \u20ac200.<\/p>\n<\/li>\n<li>\n<p class=\"font_8\">Los inquilinos aceptan cumplir con las reglas establecidas en todas las se\u00f1alizaciones de la propiedad. Los ni\u00f1os deben permanecer bajo la supervisi\u00f3n permanente de un adulto mientras est\u00e1n en la piscina.<\/p>\n<\/li>\n<li>\n<p class=\"font_8\">Los inquilinos aceptan mantener la propiedad y todos los muebles de la misma en buen estado, y el uso de los electrodom\u00e9sticos s\u00f3lo est\u00e1 destinado para los prop\u00f3sitos previstos.<\/p>\n<\/li>\n<li>\n<p class=\"font_8\">El arrendatario principal reconoce y entiende que es responsable de todos y cada uno de los hu\u00e9spedes o tutores durante las fechas de alquiler reservadas.<\/p>\n<\/li>\n<li>\n<p class=\"font_8\">Los propietarios y nuestros agentes, no aceptan ninguna responsabilidad legal o financiera. Los invitados y los tutores, asumen todos los riesgos de lesiones u otras p\u00e9rdidas resultantes de cualquier actividad recreativa y mantendr\u00e1n al propietario indemne en todo momento. Por la presente, el hu\u00e9sped acuerda eximir de responsabilidad a los propietarios, a los empleados y a los funcionarios de cualquier reclamo, incluidos los de terceros, que surja de cualquier manera como resultado del uso de las instalaciones o art\u00edculos en la misma por parte de los hu\u00e9spedes. Los propietarios no pueden ser responsables de: la falla de cualquier otra compa\u00f1\u00eda debido a un error de la compa\u00f1\u00eda o la interrupci\u00f3n del servicio (es decir electricidad, agua, gas, cable, proveedor de servicios de wifi, etc.) y actos de vecinos tales como: construcci\u00f3n, reparaci\u00f3n y mantenimiento de carreteras o cualquier variable que est\u00e9 fuera de nuestro control ( clima ). Sin embargo, los propietarios aceptan hacer TODO lo que sea humanamente POSIBLE para remediar cualquier problema lo m\u00e1s r\u00e1pido posible.<\/p>\n<\/li>\n<li>\n<p class=\"font_8\">NO SE REALIZAR\u00c1N REEMBOLSOS O AJUSTES DE LAS TARIFAS DE ALQUILER POR NINGUNA DE LAS CONDICIONES ANTERIORES<\/p>\n<\/li>\n<li>TARIFA NO REEMBOLSABLE<\/li>\n<\/ul>\n<p class=\"font_8\">Tambi\u00e9n se debe tomar conocimiento de lo siguiente:<\/p>\n<ul class=\"font_8\">\n<li>\n<p class=\"font_8\">Dep\u00f3sito de seguridad: \u20ac250 por Reserva. Si da\u00f1as la casa, se te puede cobrar hasta \u20ac500. Los hu\u00e9spedes son responsables de informar acerca de cualquier da\u00f1o tan pronto como se detecte el mismo para evitar incurrir en cargos por da\u00f1os.<\/p>\n<\/li>\n<\/ul>\n<p>[\/vc_column_text][\/vc_column][\/vc_row]<\/p>\n","protected":false},"excerpt":{"rendered":"<p>[vc_row][vc_column][vc_btn title=\u00bbVolver\u00bb link=\u00bburl:http%3A%2F%2Fwww.zaleareal.com\u00bb][vc_column_text el_id=\u00bbterminos1&#8243;] Al reservar el alojamiento, aceptas autom\u00e1ticamente los siguientes t\u00e9rminos y condiciones clave: \u200b \u00a0Las fechas de entrada y salida y el n\u00famero de hu\u00e9spedes acordados en la reserva, deben cumplirse. No se permiten fiestas en la propiedad sin consentimiento previo. El interior de la propiedad es para NO FUMADORES. S\u00f3lo se&hellip;<\/p>\n","protected":false},"author":1,"featured_media":0,"parent":0,"menu_order":0,"comment_status":"closed","ping_status":"closed","template":"","meta":{"om_disable_all_campaigns":false,"_monsterinsights_skip_tracking":false,"_monsterinsights_sitenote_active":false,"_monsterinsights_sitenote_note":"","_monsterinsights_sitenote_category":0},"_links":{"self":[{"href":"https:\/\/zaleareal.com\/index.php\/wp-json\/wp\/v2\/pages\/55623"}],"collection":[{"href":"https:\/\/zaleareal.com\/index.php\/wp-json\/wp\/v2\/pages"}],"about":[{"href":"https:\/\/zaleareal.com\/index.php\/wp-json\/wp\/v2\/types\/page"}],"author":[{"embeddable":true,"href":"https:\/\/zaleareal.com\/index.php\/wp-json\/wp\/v2\/users\/1"}],"replies":[{"embeddable":true,"href":"https:\/\/zaleareal.com\/index.php\/wp-json\/wp\/v2\/comments?post=55623"}],"version-history":[{"count":8,"href":"https:\/\/zaleareal.com\/index.php\/wp-json\/wp\/v2\/pages\/55623\/revisions"}],"predecessor-version":[{"id":55655,"href":"https:\/\/zaleareal.com\/index.php\/wp-json\/wp\/v2\/pages\/55623\/revisions\/55655"}],"wp:attachment":[{"href":"https:\/\/zaleareal.com\/index.php\/wp-json\/wp\/v2\/media?parent=55623"}],"curies":[{"name":"wp","href":"https:\/\/api.w.org\/{rel}","templated":true}]}}